{"id":11,"date":"2018-03-14T10:25:27","date_gmt":"2018-03-14T09:25:27","guid":{"rendered":"http:\/\/www.e-wczasy.pl\/blog\/?page_id=11"},"modified":"2018-07-05T16:32:21","modified_gmt":"2018-07-05T14:32:21","slug":"wolne-terminy","status":"publish","type":"page","link":"https:\/\/www.e-wczasy.pl\/blog\/wolne-terminy\/","title":{"rendered":"Wolne terminy"},"content":{"rendered":"<h2>Masz jeszcze wolne terminy w kalendarzu rezerwacji ale do\u015b\u0107 odpowiadania na zapytania o terminy zaj\u0119te?<\/h2>\n<p><strong>Skorzystaj z naszego prostego narz\u0119dzia, dzi\u0119ki kt\u00f3remu w 2 minuty okre\u015blisz poziom ob\u0142o\u017cenia Twojego obiektu w najbli\u017cszych tygodniach. Takie rozwi\u0105zanie ma wiele zalet, zar\u00f3wno dla Ciebie jako w\u0142a\u015bciciela obiektu, jak i dla turyst\u00f3w poszukuj\u0105cych noclegu w konkretnym terminie.<\/strong><\/p>\n<h2>Dlaczego warto?<\/h2>\n<p><img fetchpriority=\"high\" decoding=\"async\" class=\"alignright\" title=\"Dostepno\u015b\u0107\" src=\"https:\/\/www.e-wczasy.pl\/upload\/static_page\/dostepne-miejsca.jpg\" alt=\"Dostepno\u015b\u0107\" width=\"350\" height=\"350\" \/><\/p>\n<p>Kiedy u\u017cytkownik podczas wyszukiwania poda planowan\u0105 dat\u0119 pobytu,\u00a0<strong>w pierwszej kolejno\u015bci wy\u015bwietlone zostan\u0105 obiekty posiadaj\u0105ce zaznaczone wolne miejsca<\/strong>\u00a0w danym terminie (z uzupe\u0142nion\u0105 dost\u0119pno\u015bci\u0105). Dzi\u0119ki temu turysta poszukuj\u0105cy wolnych miejsc w wybranym terminie szybko dotrze do obiekt\u00f3w kt\u00f3re prawdopodobnie posiadaj\u0105 wolne terminy.<\/p>\n<p><strong>Oszcz\u0119dno\u015b\u0107 czasu.<\/strong>\u00a0Je\u015bli nie masz ju\u017c wolnych miejsc, skorzystaj z opcji: BRAK MIEJSC. W ten spos\u00f3b zaoszcz\u0119dzisz czas na obs\u0142ug\u0119 zapyta\u0144 (telefonicznych i mailowych) dotycz\u0105cych wyprzedanych termin\u00f3w.<\/p>\n<p>Korzystanie z tej funkcjonalno\u015bci jest\u00a0<strong>bezp\u0142atne<\/strong>.<\/p>\n<h2>Jak korzysta\u0107?<\/h2>\n<p>Aby uzupe\u0142ni\u0107 wolne terminy, wystarczy zalogowa\u0107 si\u0119 do\u00a0<strong>Panelu Klienta<\/strong>, a nast\u0119pnie klikn\u0105\u0107 w zak\u0142adk\u0119\u00a0<strong>Wolne Terminy<\/strong>\u00a0(umiejscowiona jest pod zdj\u0119ciem obiektu).<\/p>\n<p>Znajduje si\u0119 tam uproszczony kalendarz tygodniowy oraz 3 mo\u017cliwe opcje do wyboru:<\/p>\n<ul>\n<li><strong>dost\u0119pne miejsca<\/strong><\/li>\n<li><strong>ostatnie wolne miejsca<\/strong><\/li>\n<li><strong>brak miejsc<\/strong><\/li>\n<\/ul>\n<p>W przypadku zaznaczenia opcji &#8222;Ostatnie wolne miejsca&#8221; pojawi si\u0119 pole, w kt\u00f3rym mo\u017cna umie\u015bci\u0107 dodatkowe informacje, np. jakimi wolnymi pokojami dysponujesz.<\/p>\n<p>Po wybraniu jednej z opcji, <strong>zmiany zapisywane s\u0105 automatycznie<\/strong> &#8211; nie trzeba ich w \u017caden spos\u00f3b dodatkowo zatwierdza\u0107.<\/p>\n<h2>WIDEO: Zobacz jak ustawi\u0107 wolne terminy<\/h2>\n<p>Na nagraniu poni\u017cej kr\u00f3tka instrukcja:<\/p>\n<div style=\"width: 696px;\" class=\"wp-video\"><video class=\"wp-video-shortcode\" id=\"video-11-1\" width=\"696\" height=\"442\" preload=\"metadata\" controls=\"controls\"><source type=\"video\/mp4\" src=\"https:\/\/www.e-wczasy.pl\/blog\/wp-content\/uploads\/2018\/07\/Desktop-2018-07-05-15.21.48.mp4?_=1\" \/><a href=\"https:\/\/www.e-wczasy.pl\/blog\/wp-content\/uploads\/2018\/07\/Desktop-2018-07-05-15.21.48.mp4\">https:\/\/www.e-wczasy.pl\/blog\/wp-content\/uploads\/2018\/07\/Desktop-2018-07-05-15.21.48.mp4<\/a><\/video><\/div>\n<p>&nbsp;<\/p>\n<p><strong>Zach\u0119camy do aktywnego korzystania z tej nowej funkcjonalno\u015bci.<\/strong> Jeste\u015bmy przekonani, \u017ce jest to rozwi\u0105zanie z korzy\u015bci\u0105 zar\u00f3wno dla w\u0142a\u015bcicieli obiekt\u00f3w, jak i turyst\u00f3w<\/p>\n<div class=\"su-button-center\"><a href=\"https:\/\/www.e-wczasy.pl\/panel\" class=\"su-button su-button-style-flat\" style=\"color:#ffffff;background-color:#0090CC;border-color:#0074a4;border-radius:0px\" target=\"_self\"><span style=\"color:#ffffff;padding:0px 24px;font-size:18px;line-height:36px;border-color:#4db2dc;border-radius:0px;text-shadow:none\"> Przejd\u017a do Panelu Klienta i ustaw WOLNE TERMINY<\/span><\/a><\/div>\n<p>&nbsp;<\/p>\n","protected":false},"excerpt":{"rendered":"<p>Masz jeszcze wolne terminy w kalendarzu rezerwacji ale do\u015b\u0107 odpowiadania na zapytania o terminy zaj\u0119te? Skorzystaj z naszego prostego narz\u0119dzia, dzi\u0119ki kt\u00f3remu w 2 minuty okre\u015blisz poziom ob\u0142o\u017cenia Twojego obiektu w najbli\u017cszych tygodniach. Takie rozwi\u0105zanie ma wiele zalet, zar\u00f3wno dla Ciebie jako w\u0142a\u015bciciela obiektu, jak i dla turyst\u00f3w poszukuj\u0105cych noclegu w konkretnym terminie. Dlaczego warto? [&hellip;]<\/p>\n","protected":false},"author":1,"featured_media":135,"parent":0,"menu_order":0,"comment_status":"closed","ping_status":"closed","template":"","meta":{"_lmt_disableupdate":"","_lmt_disable":"","footnotes":""},"class_list":["post-11","page","type-page","status-publish","has-post-thumbnail"],"yoast_head":"<!-- This site is optimized with the Yoast SEO plugin v26.1.1 - https:\/\/yoast.com\/wordpress\/plugins\/seo\/ -->\n<title>Kalendarz rezerwacji - wolne terminy nocleg\u00f3w. Blog e-wczasy.pl<\/title>\n<meta name=\"robots\" content=\"index, follow, max-snippet:-1, max-image-preview:large, max-video-preview:-1\" \/>\n<link rel=\"canonical\" href=\"https:\/\/www.e-wczasy.pl\/blog\/wolne-terminy\/\" \/>\n<meta property=\"og:locale\" content=\"pl_PL\" \/>\n<meta property=\"og:type\" content=\"article\" \/>\n<meta property=\"og:title\" content=\"Kalendarz rezerwacji - wolne terminy nocleg\u00f3w. Blog e-wczasy.pl\" \/>\n<meta property=\"og:description\" content=\"Masz jeszcze wolne terminy w kalendarzu rezerwacji ale do\u015b\u0107 odpowiadania na zapytania o terminy zaj\u0119te? Skorzystaj z naszego prostego narz\u0119dzia, dzi\u0119ki kt\u00f3remu w 2 minuty okre\u015blisz poziom ob\u0142o\u017cenia Twojego obiektu w najbli\u017cszych tygodniach. Takie rozwi\u0105zanie ma wiele zalet, zar\u00f3wno dla Ciebie jako w\u0142a\u015bciciela obiektu, jak i dla turyst\u00f3w poszukuj\u0105cych noclegu w konkretnym terminie. Dlaczego warto? [&hellip;]\" \/>\n<meta property=\"og:url\" content=\"https:\/\/www.e-wczasy.pl\/blog\/wolne-terminy\/\" \/>\n<meta property=\"og:site_name\" content=\"Blog E-wczasy.pl - Noclegi w Polsce. Atrakcje i porady\" \/>\n<meta property=\"article:modified_time\" content=\"2018-07-05T14:32:21+00:00\" \/>\n<meta property=\"og:image\" content=\"https:\/\/www.e-wczasy.pl\/blog\/wp-content\/uploads\/2018\/04\/wolne-terminy.jpg\" \/>\n\t<meta property=\"og:image:width\" content=\"1920\" \/>\n\t<meta property=\"og:image:height\" content=\"1280\" \/>\n\t<meta property=\"og:image:type\" content=\"image\/jpeg\" \/>\n<meta name=\"twitter:card\" content=\"summary_large_image\" \/>\n<meta name=\"twitter:label1\" content=\"Szacowany czas czytania\" \/>\n\t<meta name=\"twitter:data1\" content=\"2 minuty\" \/>\n<script type=\"application\/ld+json\" class=\"yoast-schema-graph\">{\"@context\":\"https:\/\/schema.org\",\"@graph\":[{\"@type\":\"WebPage\",\"@id\":\"https:\/\/www.e-wczasy.pl\/blog\/wolne-terminy\/\",\"url\":\"https:\/\/www.e-wczasy.pl\/blog\/wolne-terminy\/\",\"name\":\"Kalendarz rezerwacji - wolne terminy nocleg\u00f3w. Blog e-wczasy.pl\",\"isPartOf\":{\"@id\":\"https:\/\/www.e-wczasy.pl\/blog\/#website\"},\"primaryImageOfPage\":{\"@id\":\"https:\/\/www.e-wczasy.pl\/blog\/wolne-terminy\/#primaryimage\"},\"image\":{\"@id\":\"https:\/\/www.e-wczasy.pl\/blog\/wolne-terminy\/#primaryimage\"},\"thumbnailUrl\":\"https:\/\/www.e-wczasy.pl\/blog\/wp-content\/uploads\/2018\/04\/wolne-terminy.jpg\",\"datePublished\":\"2018-03-14T09:25:27+00:00\",\"dateModified\":\"2018-07-05T14:32:21+00:00\",\"breadcrumb\":{\"@id\":\"https:\/\/www.e-wczasy.pl\/blog\/wolne-terminy\/#breadcrumb\"},\"inLanguage\":\"pl-PL\",\"potentialAction\":[{\"@type\":\"ReadAction\",\"target\":[\"https:\/\/www.e-wczasy.pl\/blog\/wolne-terminy\/\"]}]},{\"@type\":\"ImageObject\",\"inLanguage\":\"pl-PL\",\"@id\":\"https:\/\/www.e-wczasy.pl\/blog\/wolne-terminy\/#primaryimage\",\"url\":\"https:\/\/www.e-wczasy.pl\/blog\/wp-content\/uploads\/2018\/04\/wolne-terminy.jpg\",\"contentUrl\":\"https:\/\/www.e-wczasy.pl\/blog\/wp-content\/uploads\/2018\/04\/wolne-terminy.jpg\",\"width\":1920,\"height\":1280,\"caption\":\"Wolne terminy - kalendarz rezerwacji\"},{\"@type\":\"BreadcrumbList\",\"@id\":\"https:\/\/www.e-wczasy.pl\/blog\/wolne-terminy\/#breadcrumb\",\"itemListElement\":[{\"@type\":\"ListItem\",\"position\":1,\"name\":\"Strona g\u0142\u00f3wna\",\"item\":\"https:\/\/www.e-wczasy.pl\/blog\/\"},{\"@type\":\"ListItem\",\"position\":2,\"name\":\"Wolne terminy\"}]},{\"@type\":\"WebSite\",\"@id\":\"https:\/\/www.e-wczasy.pl\/blog\/#website\",\"url\":\"https:\/\/www.e-wczasy.pl\/blog\/\",\"name\":\"Blog E-wczasy.pl - Noclegi w Polsce. Atrakcje i porady\",\"description\":\"\",\"potentialAction\":[{\"@type\":\"SearchAction\",\"target\":{\"@type\":\"EntryPoint\",\"urlTemplate\":\"https:\/\/www.e-wczasy.pl\/blog\/?s={search_term_string}\"},\"query-input\":{\"@type\":\"PropertyValueSpecification\",\"valueRequired\":true,\"valueName\":\"search_term_string\"}}],\"inLanguage\":\"pl-PL\"}]}<\/script>\n<!-- \/ Yoast SEO plugin. -->","yoast_head_json":{"title":"Kalendarz rezerwacji - wolne terminy nocleg\u00f3w. Blog e-wczasy.pl","robots":{"index":"index","follow":"follow","max-snippet":"max-snippet:-1","max-image-preview":"max-image-preview:large","max-video-preview":"max-video-preview:-1"},"canonical":"https:\/\/www.e-wczasy.pl\/blog\/wolne-terminy\/","og_locale":"pl_PL","og_type":"article","og_title":"Kalendarz rezerwacji - wolne terminy nocleg\u00f3w. Blog e-wczasy.pl","og_description":"Masz jeszcze wolne terminy w kalendarzu rezerwacji ale do\u015b\u0107 odpowiadania na zapytania o terminy zaj\u0119te? Skorzystaj z naszego prostego narz\u0119dzia, dzi\u0119ki kt\u00f3remu w 2 minuty okre\u015blisz poziom ob\u0142o\u017cenia Twojego obiektu w najbli\u017cszych tygodniach. Takie rozwi\u0105zanie ma wiele zalet, zar\u00f3wno dla Ciebie jako w\u0142a\u015bciciela obiektu, jak i dla turyst\u00f3w poszukuj\u0105cych noclegu w konkretnym terminie. Dlaczego warto? [&hellip;]","og_url":"https:\/\/www.e-wczasy.pl\/blog\/wolne-terminy\/","og_site_name":"Blog E-wczasy.pl - Noclegi w Polsce. Atrakcje i porady","article_modified_time":"2018-07-05T14:32:21+00:00","og_image":[{"width":1920,"height":1280,"url":"https:\/\/www.e-wczasy.pl\/blog\/wp-content\/uploads\/2018\/04\/wolne-terminy.jpg","type":"image\/jpeg"}],"twitter_card":"summary_large_image","twitter_misc":{"Szacowany czas czytania":"2 minuty"},"schema":{"@context":"https:\/\/schema.org","@graph":[{"@type":"WebPage","@id":"https:\/\/www.e-wczasy.pl\/blog\/wolne-terminy\/","url":"https:\/\/www.e-wczasy.pl\/blog\/wolne-terminy\/","name":"Kalendarz rezerwacji - wolne terminy nocleg\u00f3w. Blog e-wczasy.pl","isPartOf":{"@id":"https:\/\/www.e-wczasy.pl\/blog\/#website"},"primaryImageOfPage":{"@id":"https:\/\/www.e-wczasy.pl\/blog\/wolne-terminy\/#primaryimage"},"image":{"@id":"https:\/\/www.e-wczasy.pl\/blog\/wolne-terminy\/#primaryimage"},"thumbnailUrl":"https:\/\/www.e-wczasy.pl\/blog\/wp-content\/uploads\/2018\/04\/wolne-terminy.jpg","datePublished":"2018-03-14T09:25:27+00:00","dateModified":"2018-07-05T14:32:21+00:00","breadcrumb":{"@id":"https:\/\/www.e-wczasy.pl\/blog\/wolne-terminy\/#breadcrumb"},"inLanguage":"pl-PL","potentialAction":[{"@type":"ReadAction","target":["https:\/\/www.e-wczasy.pl\/blog\/wolne-terminy\/"]}]},{"@type":"ImageObject","inLanguage":"pl-PL","@id":"https:\/\/www.e-wczasy.pl\/blog\/wolne-terminy\/#primaryimage","url":"https:\/\/www.e-wczasy.pl\/blog\/wp-content\/uploads\/2018\/04\/wolne-terminy.jpg","contentUrl":"https:\/\/www.e-wczasy.pl\/blog\/wp-content\/uploads\/2018\/04\/wolne-terminy.jpg","width":1920,"height":1280,"caption":"Wolne terminy - kalendarz rezerwacji"},{"@type":"BreadcrumbList","@id":"https:\/\/www.e-wczasy.pl\/blog\/wolne-terminy\/#breadcrumb","itemListElement":[{"@type":"ListItem","position":1,"name":"Strona g\u0142\u00f3wna","item":"https:\/\/www.e-wczasy.pl\/blog\/"},{"@type":"ListItem","position":2,"name":"Wolne terminy"}]},{"@type":"WebSite","@id":"https:\/\/www.e-wczasy.pl\/blog\/#website","url":"https:\/\/www.e-wczasy.pl\/blog\/","name":"Blog E-wczasy.pl - Noclegi w Polsce. Atrakcje i porady","description":"","potentialAction":[{"@type":"SearchAction","target":{"@type":"EntryPoint","urlTemplate":"https:\/\/www.e-wczasy.pl\/blog\/?s={search_term_string}"},"query-input":{"@type":"PropertyValueSpecification","valueRequired":true,"valueName":"search_term_string"}}],"inLanguage":"pl-PL"}]}},"_links":{"self":[{"href":"https:\/\/www.e-wczasy.pl\/blog\/wp-json\/wp\/v2\/pages\/11","targetHints":{"allow":["GET"]}}],"collection":[{"href":"https:\/\/www.e-wczasy.pl\/blog\/wp-json\/wp\/v2\/pages"}],"about":[{"href":"https:\/\/www.e-wczasy.pl\/blog\/wp-json\/wp\/v2\/types\/page"}],"author":[{"embeddable":true,"href":"https:\/\/www.e-wczasy.pl\/blog\/wp-json\/wp\/v2\/users\/1"}],"replies":[{"embeddable":true,"href":"https:\/\/www.e-wczasy.pl\/blog\/wp-json\/wp\/v2\/comments?post=11"}],"version-history":[{"count":12,"href":"https:\/\/www.e-wczasy.pl\/blog\/wp-json\/wp\/v2\/pages\/11\/revisions"}],"predecessor-version":[{"id":602,"href":"https:\/\/www.e-wczasy.pl\/blog\/wp-json\/wp\/v2\/pages\/11\/revisions\/602"}],"wp:featuredmedia":[{"embeddable":true,"href":"https:\/\/www.e-wczasy.pl\/blog\/wp-json\/wp\/v2\/media\/135"}],"wp:attachment":[{"href":"https:\/\/www.e-wczasy.pl\/blog\/wp-json\/wp\/v2\/media?parent=11"}],"curies":[{"name":"wp","href":"https:\/\/api.w.org\/{rel}","templated":true}]}}